{"id":118,"date":"2025-05-23T18:58:49","date_gmt":"2025-05-23T18:58:49","guid":{"rendered":"https:\/\/mastersaudio.lv\/about\/"},"modified":"2025-06-17T15:10:32","modified_gmt":"2025-06-17T15:10:32","slug":"about","status":"publish","type":"page","link":"https:\/\/mastersaudio.lv\/lv\/about\/","title":{"rendered":"About"},"content":{"rendered":"\n<div class=\"wp-block-uagb-container uagb-block-7fa683e6 alignfull uagb-is-root-container\"><div class=\"uagb-container-inner-blocks-wrap\">\n<div class=\"wp-block-uagb-advanced-heading uagb-block-74b342eb\"><h1 class=\"uagb-heading-text\">Par Mums<\/h1><\/div>\n<\/div><\/div>\n\n\n\n<div class=\"wp-block-uagb-container uagb-block-94ded581 alignfull uagb-is-root-container\"><div class=\"uagb-container-inner-blocks-wrap\">\n<div class=\"wp-block-uagb-container uagb-block-21891d52\">\n<div class=\"wp-block-uagb-container uagb-block-8a4a99e4\">\n<div class=\"wp-block-uagb-info-box uagb-block-4960c374 uagb-infobox__content-wrap  uagb-infobox-icon-above-title uagb-infobox-image-valign-top\"><div class=\"uagb-ifb-content\"><div class=\"uagb-ifb-title-wrap\"><h3 class=\"uagb-ifb-title\">Masters Audio ir profesion\u0101ls audiovizu\u0101lo risin\u0101jumu uz\u0146\u0113mums, kas nodro\u0161ina pilnu tehnisko atbalstu pas\u0101kumiem \u2013 no skatuves l\u012bdz p\u0113capstr\u0101dei. Str\u0101d\u0101jam ar entuziasmu, precizit\u0101ti un m\u016bsdien\u012bgu apr\u012bkojumu, lai ikviens projekts b\u016btu kvalitat\u012bvs un vizu\u0101li iespaid\u012bgs.<\/h3><\/div><p class=\"uagb-ifb-desc\">Masters Audio dibin\u0101ts 2018. gad\u0101. Esam uzkr\u0101ju\u0161i pla\u0161u pieredzi, nodro\u0161inot tehnisko atbalstu da\u017e\u0101da m\u0113roga pas\u0101kumiem vis\u0101 Latvij\u0101. Sadarbojamies ar liel\u0101kaj\u0101m Latvijas audiovizu\u0101laj\u0101m komp\u0101nij\u0101m, kas mums \u013cauj apvienot sp\u0113kus un garant\u0113t augst\u0101ko kvalit\u0101ti ikvien\u0101 projekt\u0101.<br><br>M\u016bsu klienti ir gan valsts un pa\u0161vald\u012bbu iest\u0101des, gan uz\u0146\u0113mumi no priv\u0101t\u0101 sektora. Starp tiem \u2013 sabiedrisko attiec\u012bbu a\u0123ent\u016bras, sporta feder\u0101cijas un klubi, konferen\u010du centri, viesn\u012bcas, kult\u016bras nami, restor\u0101ni un da\u017e\u0101di komersanti. \u0160\u012b daudzveid\u012bba \u013cauj mums piel\u0101goties da\u017e\u0101d\u0101m vajadz\u012bb\u0101m un nodro\u0161in\u0101t prec\u012bzu, uzticamu un kvalitat\u012bvu servisu neatkar\u012bgi no pas\u0101kuma veida vai m\u0113roga.<\/p><\/div><\/div>\n<\/div>\n\n\n\n<div class=\"wp-block-uagb-container uagb-block-7e959f87\">\n<div class=\"wp-block-uagb-image alignleft uagb-block-e71a6b83 wp-block-uagb-image--layout-default wp-block-uagb-image--effect-static wp-block-uagb-image--align-left\"><figure class=\"wp-block-uagb-image__figure\"><img decoding=\"async\" srcset=\"https:\/\/mastersaudio.lv\/wp-content\/uploads\/2025\/06\/MA_Logo_Glitch_GIF_FINAL_2.gif ,https:\/\/mastersaudio.lv\/wp-content\/uploads\/2025\/06\/MA_Logo_Glitch_GIF_FINAL_2.gif 780w, https:\/\/mastersaudio.lv\/wp-content\/uploads\/2025\/06\/MA_Logo_Glitch_GIF_FINAL_2.gif 360w\" sizes=\"auto, (max-width: 480px) 150px\" src=\"https:\/\/mastersaudio.lv\/wp-content\/uploads\/2025\/06\/MA_Logo_Glitch_GIF_FINAL_2.gif\" alt=\"\" class=\"uag-image-2170\" width=\"526\" height=\"536\" title=\"MA_Logo_Glitch_GIF_FINAL_2\" loading=\"lazy\" role=\"img\"\/><\/figure><\/div>\n<\/div>\n<\/div>\n<\/div><\/div>\n\n\n\n<div class=\"wp-block-uagb-container uagb-block-cc344175 alignfull uagb-is-root-container\"><div class=\"uagb-container-inner-blocks-wrap\">\n<div class=\"wp-block-uagb-advanced-heading uagb-block-7b2294a3\"><h2 class=\"uagb-heading-text\">Pied\u0101v\u0101jumu kl\u0101sts<\/h2><\/div>\n\n\n\n<div class=\"wp-block-uagb-container uagb-block-ecb8dade\">\n<div class=\"wp-block-uagb-advanced-heading uagb-block-bef7d43a\"><h3 class=\"uagb-heading-text\">Audio<\/h3><p class=\"uagb-desc-text\">Nodro\u0161in\u0101m profesion\u0101lu apska\u0146o\u0161anu pas\u0101kumiem da\u017e\u0101dos form\u0101tos \u2013 no konferenc\u0113m l\u012bdz koncertiem. Apska\u0146ojam gan run\u0101t\u0101jus, gan da\u017e\u0101du sast\u0101vu grupas un m\u0101ksliniekus, nodro\u0161inot mikrofoniem un instrumentiem atbilsto\u0161u risin\u0101jumu un piel\u0101gojot sist\u0113mas katra pas\u0101kuma vajadz\u012bb\u0101m.<br>Izmantojam kvalitat\u012bvu ska\u0146as tehniku  \u2013 gan rokas, gan galvas (headset) tipa radio mikrofonus, pied\u0101v\u0101jam ar\u012b mikrofonsist\u0113mas diskusij\u0101m.<\/p><\/div>\n\n\n\n<div class=\"wp-block-uagb-advanced-heading uagb-block-b863782d\"><h3 class=\"uagb-heading-text\">Tie\u0161raides<\/h3><p class=\"uagb-desc-text\">Sniedzam profesion\u0101las tie\u0161raides uz jums v\u0113lamiem galam\u0113r\u0137iem (YouTube, Facebook u.c.). Specializ\u0113jamies sporta transl\u0101cij\u0101s ar vair\u0101ku kameru re\u017eiju, k\u0101 ar\u012b konferen\u010du un hibr\u012bda pas\u0101kumu tie\u0161raid\u0113s, kur nepiecie\u0161ama integr\u0101cija ar Zoom, Teams vai cit\u0101m platform\u0101m. Pied\u0101v\u0101jam pilnu tehnisko risin\u0101jumu \u2013 no att\u0113la un ska\u0146as, l\u012bdz stabilai straum\u0113\u0161anai. M\u016bsu m\u0113r\u0137is ir nodro\u0161in\u0101t augstas kvalit\u0101tes att\u0101lin\u0101tu pieredzi, kas ir uzticama, vizu\u0101li dinamiska un piel\u0101gota katra klienta vajadz\u012bb\u0101m.<\/p><\/div>\n\n\n\n<div class=\"wp-block-uagb-advanced-heading uagb-block-9f890ad2\"><h3 class=\"uagb-heading-text\">Video &amp; Foto<\/h3><p class=\"uagb-desc-text\">veicam pilnu darba ciklu \u2013 s\u0101kot no video un foto materi\u0101lu uz\u0146em\u0161anas l\u012bdz p\u0113capstr\u0101dei. Fiks\u0113jam svar\u012bg\u0101kos pas\u0101kuma mirk\u013cus, garant\u0113jam video mont\u0101\u017eu, kr\u0101su un ska\u0146as apstr\u0101di, k\u0101 ar\u012b sagatavojam materi\u0101lus t\u0101l\u0101kai izmanto\u0161anai. Tie\u0161raid\u0113m pied\u0101v\u0101jam titru un citu grafiku veido\u0161anu, lai padar\u012btu saturu saprotam\u0101ku un pieejam\u0101ku skat\u012bt\u0101jiem. T\u0101pat nodro\u0161in\u0101m prezent\u0101ciju un video sign\u0101la p\u0101rraidi uz televizoriem, LED ekr\u0101niem un citiem displejiem.<\/p><\/div>\n<\/div>\n<\/div><\/div>\n\n\n\n<div class=\"wp-block-uagb-container uagb-block-c84325e4 alignfull uagb-is-root-container\"><div class=\"uagb-container-inner-blocks-wrap\">\n<div class=\"wp-block-uagb-info-box uagb-block-d8a09d88 uagb-infobox__content-wrap  uagb-infobox-icon-above-title uagb-infobox-image-valign-top\"><div class=\"uagb-ifb-content\"><div class=\"uagb-ifb-title-wrap\"><h2 class=\"uagb-ifb-title\">Sazinieties ar mums<\/h2><\/div><p class=\"uagb-ifb-desc\">Pl\u0101no pas\u0101kumu? Raksti vai zvani \u2014 atrad\u012bsim risin\u0101jumu Tavam iecer\u0113tajam projektam!<\/p><div class=\"uagb-ifb-button-wrapper wp-block-button\"><a href=\"\/contact\/\" class=\"uagb-infobox-cta-link wp-block-button__link\" target=\"_self\" rel=\"noopener noreferrer\" onclick=\"return true;\"><span class=\"uagb-inline-editing\">Sazin\u0101ties ar mums<\/span><\/a><\/div><\/div><\/div>\n<\/div><\/div>\n","protected":false},"excerpt":{"rendered":"<p>Par Mums Pied\u0101v\u0101jumu kl\u0101sts Audio Nodro\u0161in\u0101m profesion\u0101lu apska\u0146o\u0161anu pas\u0101kumiem da\u017e\u0101dos form\u0101tos \u2013 no konferenc\u0113m l\u012bdz koncertiem. Apska\u0146ojam gan run\u0101t\u0101jus, gan [&hellip;]<\/p>\n","protected":false},"author":1,"featured_media":0,"parent":0,"menu_order":0,"comment_status":"closed","ping_status":"closed","template":"","meta":{"_uag_custom_page_level_css":"","_monsterinsights_skip_tracking":false,"_monsterinsights_sitenote_active":false,"_monsterinsights_sitenote_note":"","_monsterinsights_sitenote_category":0,"site-sidebar-layout":"default","site-content-layout":"","ast-site-content-layout":"default","site-content-style":"default","site-sidebar-style":"default","ast-global-header-display":"","ast-banner-title-visibility":"","ast-main-header-display":"","ast-hfb-above-header-display":"","ast-hfb-below-header-display":"","ast-hfb-mobile-header-display":"","site-post-title":"disabled","ast-breadcrumbs-content":"","ast-featured-img":"","footer-sml-layout":"","ast-disable-related-posts":"","theme-transparent-header-meta":"enabled","adv-header-id-meta":"","stick-header-meta":"","header-above-stick-meta":"","header-main-stick-meta":"","header-below-stick-meta":"","astra-migrate-meta-layouts":"set","ast-page-background-enabled":"default","ast-page-background-meta":{"desktop":{"background-color":"var(--ast-global-color-4)","background-image":"","background-repeat":"repeat","background-position":"center center","background-size":"auto","background-attachment":"scroll","background-type":"","background-media":"","overlay-type":"","overlay-color":"","overlay-opacity":"","overlay-gradient":""},"tablet":{"background-color":"","background-image":"","background-repeat":"repeat","background-position":"center center","background-size":"auto","background-attachment":"scroll","background-type":"","background-media":"","overlay-type":"","overlay-color":"","overlay-opacity":"","overlay-gradient":""},"mobile":{"background-color":"","background-image":"","background-repeat":"repeat","background-position":"center center","background-size":"auto","background-attachment":"scroll","background-type":"","background-media":"","overlay-type":"","overlay-color":"","overlay-opacity":"","overlay-gradient":""}},"ast-content-background-meta":{"desktop":{"background-color":"var(--ast-global-color-5)","background-image":"","background-repeat":"repeat","background-position":"center center","background-size":"auto","background-attachment":"scroll","background-type":"","background-media":"","overlay-type":"","overlay-color":"","overlay-opacity":"","overlay-gradient":""},"tablet":{"background-color":"var(--ast-global-color-5)","background-image":"","background-repeat":"repeat","background-position":"center center","background-size":"auto","background-attachment":"scroll","background-type":"","background-media":"","overlay-type":"","overlay-color":"","overlay-opacity":"","overlay-gradient":""},"mobile":{"background-color":"var(--ast-global-color-5)","background-image":"","background-repeat":"repeat","background-position":"center center","background-size":"auto","background-attachment":"scroll","background-type":"","background-media":"","overlay-type":"","overlay-color":"","overlay-opacity":"","overlay-gradient":""}},"footnotes":""},"class_list":["post-118","page","type-page","status-publish","hentry"],"aioseo_notices":[],"uagb_featured_image_src":{"full":false,"thumbnail":false,"medium":false,"medium_large":false,"large":false,"1536x1536":false,"2048x2048":false,"trp-custom-language-flag":false},"uagb_author_info":{"display_name":"eN1v8Qlqrc","author_link":"https:\/\/mastersaudio.lv\/lv\/author\/en1v8qlqrc\/"},"uagb_comment_info":0,"uagb_excerpt":"Par Mums Pied\u0101v\u0101jumu kl\u0101sts Audio Nodro\u0161in\u0101m profesion\u0101lu apska\u0146o\u0161anu pas\u0101kumiem da\u017e\u0101dos form\u0101tos \u2013 no konferenc\u0113m l\u012bdz koncertiem. Apska\u0146ojam gan run\u0101t\u0101jus, gan [&hellip;]","_links":{"self":[{"href":"https:\/\/mastersaudio.lv\/lv\/wp-json\/wp\/v2\/pages\/118","targetHints":{"allow":["GET"]}}],"collection":[{"href":"https:\/\/mastersaudio.lv\/lv\/wp-json\/wp\/v2\/pages"}],"about":[{"href":"https:\/\/mastersaudio.lv\/lv\/wp-json\/wp\/v2\/types\/page"}],"author":[{"embeddable":true,"href":"https:\/\/mastersaudio.lv\/lv\/wp-json\/wp\/v2\/users\/1"}],"replies":[{"embeddable":true,"href":"https:\/\/mastersaudio.lv\/lv\/wp-json\/wp\/v2\/comments?post=118"}],"version-history":[{"count":11,"href":"https:\/\/mastersaudio.lv\/lv\/wp-json\/wp\/v2\/pages\/118\/revisions"}],"predecessor-version":[{"id":2192,"href":"https:\/\/mastersaudio.lv\/lv\/wp-json\/wp\/v2\/pages\/118\/revisions\/2192"}],"wp:attachment":[{"href":"https:\/\/mastersaudio.lv\/lv\/wp-json\/wp\/v2\/media?parent=118"}],"curies":[{"name":"wp","href":"https:\/\/api.w.org\/{rel}","templated":true}]}}