{"id":1903,"date":"2025-05-23T18:58:49","date_gmt":"2025-05-23T18:58:49","guid":{"rendered":"https:\/\/mastersaudio.lv\/home\/"},"modified":"2025-07-16T11:16:40","modified_gmt":"2025-07-16T11:16:40","slug":"home","status":"publish","type":"page","link":"https:\/\/mastersaudio.lv\/en\/","title":{"rendered":"Home"},"content":{"rendered":"<div class=\"wp-block-uagb-container uagb-block-edf9ad47 alignfull uagb-is-root-container\"><div class=\"uagb-container-inner-blocks-wrap\">\n<div class=\"wp-block-uagb-info-box uagb-block-360d083e uagb-infobox__content-wrap  uagb-infobox-icon-above-title uagb-infobox-image-valign-top\"><div class=\"uagb-ifb-content\"><div class=\"uagb-ifb-title-wrap\"><h1 class=\"uagb-ifb-title\">audiovisual services<\/h1><\/div><p class=\"uagb-ifb-desc\">conference and event sound, live streaming. other audio, video and photo services Just for you!<\/p><div class=\"uagb-ifb-button-wrapper wp-block-button\"><a href=\"\/en\/contact\/\" class=\"uagb-infobox-cta-link wp-block-button__link\" target=\"_self\" rel=\"noopener noreferrer\" onclick=\"return true;\"><span class=\"uagb-inline-editing\">Contact us<\/span><\/a><\/div><\/div><\/div>\n<\/div><\/div>\n\n\n\n<div class=\"wp-block-uagb-container uagb-block-cd2fc679 alignfull uagb-is-root-container\"><div class=\"uagb-container-inner-blocks-wrap\">\n<div class=\"wp-block-uagb-info-box uagb-block-3b175fd5 uagb-infobox__content-wrap  uagb-infobox-icon-above-title uagb-infobox-image-valign-top\"><div class=\"uagb-ifb-content\"><div class=\"uagb-ifb-title-wrap\"><h2 class=\"uagb-ifb-title\">Services<\/h2><\/div><\/div><\/div>\n\n\n\n<div class=\"wp-block-uagb-container uagb-block-93377a07\">\n<div class=\"wp-block-uagb-container uagb-block-fae5d157\">\n<div class=\"wp-block-uagb-image alignleft uagb-block-df4cd6be wp-block-uagb-image--layout-default wp-block-uagb-image--effect-static wp-block-uagb-image--align-left\"><figure class=\"wp-block-uagb-image__figure\"><img loading=\"lazy\" decoding=\"async\" srcset=\"https:\/\/mastersaudio.lv\/wp-content\/uploads\/2025\/05\/pexels-photo-3784424-3784424-1024x683.jpg ,https:\/\/mastersaudio.lv\/wp-content\/uploads\/2025\/05\/pexels-photo-3784424-3784424-scaled.jpg 780w, https:\/\/mastersaudio.lv\/wp-content\/uploads\/2025\/05\/pexels-photo-3784424-3784424-scaled.jpg 360w\" sizes=\"auto, (max-width: 480px) 150px\" src=\"https:\/\/mastersaudio.lv\/wp-content\/uploads\/2025\/05\/pexels-photo-3784424-3784424-1024x683.jpg\" alt=\"Detailed close-up of an audio mixer with illuminated controls in a studio setting.\" class=\"uag-image-1963\" width=\"373\" height=\"480\" title=\"pexels-photo-3784424-3784424\" role=\"img\"\/><\/figure><\/div>\n\n\n\n<div class=\"wp-block-uagb-advanced-heading uagb-block-82da6484\"><h3 class=\"uagb-heading-text\">Sound<\/h3><p class=\"uagb-desc-text\">We offer professional sound for events and conferences.<\/p><\/div>\n<\/div>\n\n\n\n<div class=\"wp-block-uagb-container uagb-block-b4a21a88\">\n<div class=\"wp-block-uagb-image alignleft uagb-block-2400b6c1 wp-block-uagb-image--layout-default wp-block-uagb-image--effect-static wp-block-uagb-image--align-left\"><figure class=\"wp-block-uagb-image__figure\"><img loading=\"lazy\" decoding=\"async\" srcset=\"https:\/\/mastersaudio.lv\/wp-content\/uploads\/2025\/05\/0G1A1538-Enhanced-NR-1024x683.jpeg ,https:\/\/mastersaudio.lv\/wp-content\/uploads\/2025\/05\/0G1A1538-Enhanced-NR-scaled.jpeg 780w, https:\/\/mastersaudio.lv\/wp-content\/uploads\/2025\/05\/0G1A1538-Enhanced-NR-scaled.jpeg 360w\" sizes=\"auto, (max-width: 480px) 150px\" src=\"https:\/\/mastersaudio.lv\/wp-content\/uploads\/2025\/05\/0G1A1538-Enhanced-NR-1024x683.jpeg\" alt=\"\" class=\"uag-image-1955\" width=\"373\" height=\"480\" title=\"0G1A1538-Enhanced-NR\" role=\"img\"\/><\/figure><\/div>\n\n\n\n<div class=\"wp-block-uagb-advanced-heading uagb-block-ddf76d8a\"><h3 class=\"uagb-heading-text\">Live Streaming<\/h3><p class=\"uagb-desc-text\">Our experts provide high quality video coverage.<\/p><\/div>\n<\/div>\n\n\n\n<div class=\"wp-block-uagb-container uagb-block-4be5b602\">\n<div class=\"wp-block-uagb-image alignleft uagb-block-b48fe4eb wp-block-uagb-image--layout-default wp-block-uagb-image--effect-static wp-block-uagb-image--align-left\"><figure class=\"wp-block-uagb-image__figure\"><img loading=\"lazy\" decoding=\"async\" srcset=\"https:\/\/mastersaudio.lv\/wp-content\/uploads\/2025\/05\/492010045_1254331996700185_1551613926333661322_n-e1748507940373-1024x575.jpg ,https:\/\/mastersaudio.lv\/wp-content\/uploads\/2025\/05\/492010045_1254331996700185_1551613926333661322_n-e1748507940373.jpg 780w, https:\/\/mastersaudio.lv\/wp-content\/uploads\/2025\/05\/492010045_1254331996700185_1551613926333661322_n-e1748507940373.jpg 360w\" sizes=\"auto, (max-width: 480px) 150px\" src=\"https:\/\/mastersaudio.lv\/wp-content\/uploads\/2025\/05\/492010045_1254331996700185_1551613926333661322_n-e1748507940373-1024x575.jpg\" alt=\"\" class=\"uag-image-1967\" width=\"373\" height=\"480\" title=\"492010045_1254331996700185_1551613926333661322_n\" role=\"img\"\/><\/figure><\/div>\n\n\n\n<div class=\"wp-block-uagb-advanced-heading uagb-block-2d89467b\"><h3 class=\"uagb-heading-text\">Video And Photo<\/h3><p class=\"uagb-desc-text\">We take photographs and produce video material for events.<\/p><\/div>\n<\/div>\n<\/div>\n<\/div><\/div>\n\n\n\n<div class=\"wp-block-uagb-container uagb-block-0cf1e869 alignfull uagb-is-root-container\"><div class=\"uagb-container-inner-blocks-wrap\">\n<div class=\"wp-block-uagb-container uagb-block-8e894bf5\">\n<figure class=\"wp-block-image size-full\"><img loading=\"lazy\" decoding=\"async\" width=\"780\" height=\"780\" src=\"https:\/\/mastersaudio.lv\/wp-content\/uploads\/2025\/06\/MA_Logo_Glitch_GIF_FINAL_2.gif\" alt=\"\" class=\"wp-image-2170\" style=\"object-fit:cover\"\/><\/figure>\n<\/div>\n\n\n\n<div class=\"wp-block-uagb-container uagb-block-db5a712e\">\n<div class=\"wp-block-uagb-info-box uagb-block-69f2621f uagb-infobox__content-wrap  uagb-infobox-icon-above-title uagb-infobox-image-valign-top\"><div class=\"uagb-ifb-content\"><div class=\"uagb-ifb-title-wrap\"><h2 class=\"uagb-ifb-title\">Masters Audio<\/h2><\/div><p class=\"uagb-ifb-desc\">Masters Audio is an audiovisual services company offering professional technical support for events throughout Latvia. We specialise in high quality event sound, live streaming, photo and video services. Whether you are organising a corporate event, conference, concert, sports competition or private celebration, we will make sure the sound and picture are perfect.<\/p><div class=\"uagb-ifb-button-wrapper wp-block-button\"><a href=\"\/en\/about\/\" class=\"uagb-infobox-cta-link wp-block-button__link\" target=\"_self\" rel=\"noopener noreferrer\" onclick=\"return true;\"><span class=\"uagb-inline-editing\">Find out more<\/span><\/a><\/div><\/div><\/div>\n<\/div>\n<\/div><\/div>\n\n\n\n<div class=\"wp-block-uagb-container uagb-block-c84325e4 alignfull uagb-is-root-container\"><div class=\"uagb-container-inner-blocks-wrap\">\n<div class=\"wp-block-uagb-info-box uagb-block-d8a09d88 uagb-infobox__content-wrap  uagb-infobox-icon-above-title uagb-infobox-image-valign-top\"><div class=\"uagb-ifb-content\"><div class=\"uagb-ifb-title-wrap\"><h2 class=\"uagb-ifb-title\">Contact us<\/h2><\/div><p class=\"uagb-ifb-desc\">Planning an event? Write or call - we'll find a solution for your project!<\/p><div class=\"uagb-ifb-button-wrapper wp-block-button\"><a href=\"\/en\/contact\/\" class=\"uagb-infobox-cta-link wp-block-button__link\" target=\"_self\" rel=\"noopener noreferrer\" onclick=\"return true;\"><span class=\"uagb-inline-editing\">Contact us<\/span><\/a><\/div><\/div><\/div>\n<\/div><\/div>\n\n\n\n<p><\/p>\n\n\n\n<p><\/p>","protected":false},"excerpt":{"rendered":"<p>Apska\u0146o\u0161ana Pied\u0101v\u0101jam profesion\u0101lu pas\u0101kumu un konferen\u010du apska\u0146o\u0161anu. Tie\u0161raides M\u016bsu speci\u0101listi nodro\u0161ina kvalitat\u012bvas video transl\u0101cijas. Video Un Foto Veicam pas\u0101kumu fotogr\u0101f\u0113\u0161anu [&hellip;]<\/p>\n","protected":false},"author":1,"featured_media":0,"parent":0,"menu_order":0,"comment_status":"closed","ping_status":"closed","template":"","meta":{"_uag_custom_page_level_css":"","_monsterinsights_skip_tracking":false,"_monsterinsights_sitenote_active":false,"_monsterinsights_sitenote_note":"","_monsterinsights_sitenote_category":0,"site-sidebar-layout":"default","site-content-layout":"","ast-site-content-layout":"default","site-content-style":"default","site-sidebar-style":"default","ast-global-header-display":"","ast-banner-title-visibility":"","ast-main-header-display":"","ast-hfb-above-header-display":"","ast-hfb-below-header-display":"","ast-hfb-mobile-header-display":"","site-post-title":"disabled","ast-breadcrumbs-content":"","ast-featured-img":"","footer-sml-layout":"","ast-disable-related-posts":"","theme-transparent-header-meta":"enabled","adv-header-id-meta":"","stick-header-meta":"","header-above-stick-meta":"","header-main-stick-meta":"","header-below-stick-meta":"","astra-migrate-meta-layouts":"set","ast-page-background-enabled":"default","ast-page-background-meta":{"desktop":{"background-color":"var(--ast-global-color-4)","background-image":"","background-repeat":"repeat","background-position":"center center","background-size":"auto","background-attachment":"scroll","background-type":"","background-media":"","overlay-type":"","overlay-color":"","overlay-opacity":"","overlay-gradient":""},"tablet":{"background-color":"","background-image":"","background-repeat":"repeat","background-position":"center center","background-size":"auto","background-attachment":"scroll","background-type":"","background-media":"","overlay-type":"","overlay-color":"","overlay-opacity":"","overlay-gradient":""},"mobile":{"background-color":"","background-image":"","background-repeat":"repeat","background-position":"center center","background-size":"auto","background-attachment":"scroll","background-type":"","background-media":"","overlay-type":"","overlay-color":"","overlay-opacity":"","overlay-gradient":""}},"ast-content-background-meta":{"desktop":{"background-color":"var(--ast-global-color-5)","background-image":"","background-repeat":"repeat","background-position":"center center","background-size":"auto","background-attachment":"scroll","background-type":"","background-media":"","overlay-type":"","overlay-color":"","overlay-opacity":"","overlay-gradient":""},"tablet":{"background-color":"var(--ast-global-color-5)","background-image":"","background-repeat":"repeat","background-position":"center center","background-size":"auto","background-attachment":"scroll","background-type":"","background-media":"","overlay-type":"","overlay-color":"","overlay-opacity":"","overlay-gradient":""},"mobile":{"background-color":"var(--ast-global-color-5)","background-image":"","background-repeat":"repeat","background-position":"center center","background-size":"auto","background-attachment":"scroll","background-type":"","background-media":"","overlay-type":"","overlay-color":"","overlay-opacity":"","overlay-gradient":""}},"footnotes":""},"class_list":["post-1903","page","type-page","status-publish","hentry"],"aioseo_notices":[],"uagb_featured_image_src":{"full":false,"thumbnail":false,"medium":false,"medium_large":false,"large":false,"1536x1536":false,"2048x2048":false,"trp-custom-language-flag":false},"uagb_author_info":{"display_name":"eN1v8Qlqrc","author_link":"https:\/\/mastersaudio.lv\/en\/author\/en1v8qlqrc\/"},"uagb_comment_info":0,"uagb_excerpt":"Apska\u0146o\u0161ana Pied\u0101v\u0101jam profesion\u0101lu pas\u0101kumu un konferen\u010du apska\u0146o\u0161anu. Tie\u0161raides M\u016bsu speci\u0101listi nodro\u0161ina kvalitat\u012bvas video transl\u0101cijas. Video Un Foto Veicam pas\u0101kumu fotogr\u0101f\u0113\u0161anu [&hellip;]","_links":{"self":[{"href":"https:\/\/mastersaudio.lv\/en\/wp-json\/wp\/v2\/pages\/1903","targetHints":{"allow":["GET"]}}],"collection":[{"href":"https:\/\/mastersaudio.lv\/en\/wp-json\/wp\/v2\/pages"}],"about":[{"href":"https:\/\/mastersaudio.lv\/en\/wp-json\/wp\/v2\/types\/page"}],"author":[{"embeddable":true,"href":"https:\/\/mastersaudio.lv\/en\/wp-json\/wp\/v2\/users\/1"}],"replies":[{"embeddable":true,"href":"https:\/\/mastersaudio.lv\/en\/wp-json\/wp\/v2\/comments?post=1903"}],"version-history":[{"count":57,"href":"https:\/\/mastersaudio.lv\/en\/wp-json\/wp\/v2\/pages\/1903\/revisions"}],"predecessor-version":[{"id":2253,"href":"https:\/\/mastersaudio.lv\/en\/wp-json\/wp\/v2\/pages\/1903\/revisions\/2253"}],"wp:attachment":[{"href":"https:\/\/mastersaudio.lv\/en\/wp-json\/wp\/v2\/media?parent=1903"}],"curies":[{"name":"wp","href":"https:\/\/api.w.org\/{rel}","templated":true}]}}