{"id":118,"date":"2025-05-23T18:58:49","date_gmt":"2025-05-23T18:58:49","guid":{"rendered":"https:\/\/mastersaudio.lv\/about\/"},"modified":"2025-06-17T15:10:32","modified_gmt":"2025-06-17T15:10:32","slug":"about","status":"publish","type":"page","link":"https:\/\/mastersaudio.lv\/en\/about\/","title":{"rendered":"About"},"content":{"rendered":"<div class=\"wp-block-uagb-container uagb-block-7fa683e6 alignfull uagb-is-root-container\"><div class=\"uagb-container-inner-blocks-wrap\">\n<div class=\"wp-block-uagb-advanced-heading uagb-block-74b342eb\"><h1 class=\"uagb-heading-text\">About Us<\/h1><\/div>\n<\/div><\/div>\n\n\n\n<div class=\"wp-block-uagb-container uagb-block-94ded581 alignfull uagb-is-root-container\"><div class=\"uagb-container-inner-blocks-wrap\">\n<div class=\"wp-block-uagb-container uagb-block-21891d52\">\n<div class=\"wp-block-uagb-container uagb-block-8a4a99e4\">\n<div class=\"wp-block-uagb-info-box uagb-block-4960c374 uagb-infobox__content-wrap  uagb-infobox-icon-above-title uagb-infobox-image-valign-top\"><div class=\"uagb-ifb-content\"><div class=\"uagb-ifb-title-wrap\"><h3 class=\"uagb-ifb-title\">Masters Audio is a professional audiovisual solutions company providing full technical support for events - from stage to post-production. We work with enthusiasm, precision and state-of-the-art equipment to ensure that every project is high quality and visually impressive.<\/h3><\/div><p class=\"uagb-ifb-desc\">Masters Audio was founded in 2018. We have extensive experience in providing technical support for events of all scales across Latvia. We cooperate with the largest Latvian audiovisual companies, which allows us to join forces and guarantee the highest quality in every project.<br><br>Our clients range from state and local authorities to private sector companies. These include PR agencies, sports federations and clubs, conference centres, hotels, cultural centres, restaurants and a wide range of businesses. This diversity allows us to adapt to different needs and to provide an accurate, reliable and high-quality service, whatever the type or scale of the event.<\/p><\/div><\/div>\n<\/div>\n\n\n\n<div class=\"wp-block-uagb-container uagb-block-7e959f87\">\n<div class=\"wp-block-uagb-image alignleft uagb-block-e71a6b83 wp-block-uagb-image--layout-default wp-block-uagb-image--effect-static wp-block-uagb-image--align-left\"><figure class=\"wp-block-uagb-image__figure\"><img decoding=\"async\" srcset=\"https:\/\/mastersaudio.lv\/wp-content\/uploads\/2025\/06\/MA_Logo_Glitch_GIF_FINAL_2.gif ,https:\/\/mastersaudio.lv\/wp-content\/uploads\/2025\/06\/MA_Logo_Glitch_GIF_FINAL_2.gif 780w, https:\/\/mastersaudio.lv\/wp-content\/uploads\/2025\/06\/MA_Logo_Glitch_GIF_FINAL_2.gif 360w\" sizes=\"auto, (max-width: 480px) 150px\" src=\"https:\/\/mastersaudio.lv\/wp-content\/uploads\/2025\/06\/MA_Logo_Glitch_GIF_FINAL_2.gif\" alt=\"\" class=\"uag-image-2170\" width=\"526\" height=\"536\" title=\"MA_Logo_Glitch_GIF_FINAL_2\" loading=\"lazy\" role=\"img\"\/><\/figure><\/div>\n<\/div>\n<\/div>\n<\/div><\/div>\n\n\n\n<div class=\"wp-block-uagb-container uagb-block-cc344175 alignfull uagb-is-root-container\"><div class=\"uagb-container-inner-blocks-wrap\">\n<div class=\"wp-block-uagb-advanced-heading uagb-block-7b2294a3\"><h2 class=\"uagb-heading-text\">Range of offers<\/h2><\/div>\n\n\n\n<div class=\"wp-block-uagb-container uagb-block-ecb8dade\">\n<div class=\"wp-block-uagb-advanced-heading uagb-block-bef7d43a\"><h3 class=\"uagb-heading-text\">Audio<\/h3><p class=\"uagb-desc-text\">We provide professional sound for events in a variety of formats - from conferences to concerts. We provide sound for speakers, bands and artists, providing the right solution for microphones and instruments and tailoring systems to the needs of each event.<br>We use high-quality sound equipment - both handheld and headset radio microphones, and we also offer microphone systems for discussions.<\/p><\/div>\n\n\n\n<div class=\"wp-block-uagb-advanced-heading uagb-block-b863782d\"><h3 class=\"uagb-heading-text\">Live Streaming<\/h3><p class=\"uagb-desc-text\">We provide professional live broadcasts to your preferred destinations (YouTube, Facebook, etc.). We specialise in multi-camera sports broadcasts, as well as live broadcasts of conferences and hybrid events where integration with Zoom, Teams or other platforms is required. We offer a complete technical solution - from picture and sound to stable streaming. Our goal is to deliver a high-quality remote experience that is reliable, visually dynamic and tailored to each client's needs.<\/p><\/div>\n\n\n\n<div class=\"wp-block-uagb-advanced-heading uagb-block-9f890ad2\"><h3 class=\"uagb-heading-text\">Video &amp; Photo<\/h3><p class=\"uagb-desc-text\">we handle the full work cycle - from video and photo capture to post-production. We capture the most important moments of the event, guarantee video editing, colour and sound processing, and prepare the footage for further use. For live broadcasts, we offer captioning and other graphics to make the content more understandable and accessible to viewers. We also provide presentation and video transmission to TVs, LED screens and other displays.<\/p><\/div>\n<\/div>\n<\/div><\/div>\n\n\n\n<div class=\"wp-block-uagb-container uagb-block-c84325e4 alignfull uagb-is-root-container\"><div class=\"uagb-container-inner-blocks-wrap\">\n<div class=\"wp-block-uagb-info-box uagb-block-d8a09d88 uagb-infobox__content-wrap  uagb-infobox-icon-above-title uagb-infobox-image-valign-top\"><div class=\"uagb-ifb-content\"><div class=\"uagb-ifb-title-wrap\"><h2 class=\"uagb-ifb-title\">Contact us<\/h2><\/div><p class=\"uagb-ifb-desc\">Planning an event? Write or call - we'll find a solution for your project!<\/p><div class=\"uagb-ifb-button-wrapper wp-block-button\"><a href=\"\/en\/contact\/\" class=\"uagb-infobox-cta-link wp-block-button__link\" target=\"_self\" rel=\"noopener noreferrer\" onclick=\"return true;\"><span class=\"uagb-inline-editing\">Contact us<\/span><\/a><\/div><\/div><\/div>\n<\/div><\/div>","protected":false},"excerpt":{"rendered":"<p>Par Mums Pied\u0101v\u0101jumu kl\u0101sts Audio Nodro\u0161in\u0101m profesion\u0101lu apska\u0146o\u0161anu pas\u0101kumiem da\u017e\u0101dos form\u0101tos \u2013 no konferenc\u0113m l\u012bdz koncertiem. Apska\u0146ojam gan run\u0101t\u0101jus, gan [&hellip;]<\/p>\n","protected":false},"author":1,"featured_media":0,"parent":0,"menu_order":0,"comment_status":"closed","ping_status":"closed","template":"","meta":{"_uag_custom_page_level_css":"","_monsterinsights_skip_tracking":false,"_monsterinsights_sitenote_active":false,"_monsterinsights_sitenote_note":"","_monsterinsights_sitenote_category":0,"site-sidebar-layout":"default","site-content-layout":"","ast-site-content-layout":"default","site-content-style":"default","site-sidebar-style":"default","ast-global-header-display":"","ast-banner-title-visibility":"","ast-main-header-display":"","ast-hfb-above-header-display":"","ast-hfb-below-header-display":"","ast-hfb-mobile-header-display":"","site-post-title":"disabled","ast-breadcrumbs-content":"","ast-featured-img":"","footer-sml-layout":"","ast-disable-related-posts":"","theme-transparent-header-meta":"enabled","adv-header-id-meta":"","stick-header-meta":"","header-above-stick-meta":"","header-main-stick-meta":"","header-below-stick-meta":"","astra-migrate-meta-layouts":"set","ast-page-background-enabled":"default","ast-page-background-meta":{"desktop":{"background-color":"var(--ast-global-color-4)","background-image":"","background-repeat":"repeat","background-position":"center center","background-size":"auto","background-attachment":"scroll","background-type":"","background-media":"","overlay-type":"","overlay-color":"","overlay-opacity":"","overlay-gradient":""},"tablet":{"background-color":"","background-image":"","background-repeat":"repeat","background-position":"center center","background-size":"auto","background-attachment":"scroll","background-type":"","background-media":"","overlay-type":"","overlay-color":"","overlay-opacity":"","overlay-gradient":""},"mobile":{"background-color":"","background-image":"","background-repeat":"repeat","background-position":"center center","background-size":"auto","background-attachment":"scroll","background-type":"","background-media":"","overlay-type":"","overlay-color":"","overlay-opacity":"","overlay-gradient":""}},"ast-content-background-meta":{"desktop":{"background-color":"var(--ast-global-color-5)","background-image":"","background-repeat":"repeat","background-position":"center center","background-size":"auto","background-attachment":"scroll","background-type":"","background-media":"","overlay-type":"","overlay-color":"","overlay-opacity":"","overlay-gradient":""},"tablet":{"background-color":"var(--ast-global-color-5)","background-image":"","background-repeat":"repeat","background-position":"center center","background-size":"auto","background-attachment":"scroll","background-type":"","background-media":"","overlay-type":"","overlay-color":"","overlay-opacity":"","overlay-gradient":""},"mobile":{"background-color":"var(--ast-global-color-5)","background-image":"","background-repeat":"repeat","background-position":"center center","background-size":"auto","background-attachment":"scroll","background-type":"","background-media":"","overlay-type":"","overlay-color":"","overlay-opacity":"","overlay-gradient":""}},"footnotes":""},"class_list":["post-118","page","type-page","status-publish","hentry"],"aioseo_notices":[],"uagb_featured_image_src":{"full":false,"thumbnail":false,"medium":false,"medium_large":false,"large":false,"1536x1536":false,"2048x2048":false,"trp-custom-language-flag":false},"uagb_author_info":{"display_name":"eN1v8Qlqrc","author_link":"https:\/\/mastersaudio.lv\/en\/author\/en1v8qlqrc\/"},"uagb_comment_info":0,"uagb_excerpt":"Par Mums Pied\u0101v\u0101jumu kl\u0101sts Audio Nodro\u0161in\u0101m profesion\u0101lu apska\u0146o\u0161anu pas\u0101kumiem da\u017e\u0101dos form\u0101tos \u2013 no konferenc\u0113m l\u012bdz koncertiem. Apska\u0146ojam gan run\u0101t\u0101jus, gan [&hellip;]","_links":{"self":[{"href":"https:\/\/mastersaudio.lv\/en\/wp-json\/wp\/v2\/pages\/118","targetHints":{"allow":["GET"]}}],"collection":[{"href":"https:\/\/mastersaudio.lv\/en\/wp-json\/wp\/v2\/pages"}],"about":[{"href":"https:\/\/mastersaudio.lv\/en\/wp-json\/wp\/v2\/types\/page"}],"author":[{"embeddable":true,"href":"https:\/\/mastersaudio.lv\/en\/wp-json\/wp\/v2\/users\/1"}],"replies":[{"embeddable":true,"href":"https:\/\/mastersaudio.lv\/en\/wp-json\/wp\/v2\/comments?post=118"}],"version-history":[{"count":11,"href":"https:\/\/mastersaudio.lv\/en\/wp-json\/wp\/v2\/pages\/118\/revisions"}],"predecessor-version":[{"id":2192,"href":"https:\/\/mastersaudio.lv\/en\/wp-json\/wp\/v2\/pages\/118\/revisions\/2192"}],"wp:attachment":[{"href":"https:\/\/mastersaudio.lv\/en\/wp-json\/wp\/v2\/media?parent=118"}],"curies":[{"name":"wp","href":"https:\/\/api.w.org\/{rel}","templated":true}]}}